{"id":512,"date":"2021-01-03T09:33:22","date_gmt":"2021-01-03T12:33:22","guid":{"rendered":"http:\/\/nosnacena.com.br\/?page_id=512"},"modified":"2021-01-11T15:40:31","modified_gmt":"2021-01-11T18:40:31","slug":"galeria","status":"publish","type":"page","link":"https:\/\/nosnacena.com.br\/?page_id=512","title":{"rendered":"Galeria"},"content":{"rendered":"\n<p><\/p>\n\n\n\n<h5 class=\"has-text-align-center wp-block-heading\"><strong>CLIENTES DO &#8220;N\u00d3S NA CENA&#8221;<\/strong> (exemplos do que voc\u00ea pode fazer)<\/h5>\n\n\n\n<p class=\"has-text-align-center\">Pressione na foto para visualiz\u00e1-la inteira (e entender melhor a cena).<\/p>\n\n\n\n<figure class=\"wp-block-gallery columns-6 is-cropped wp-block-gallery-1 is-layout-flex wp-block-gallery-is-layout-flex\"><ul class=\"blocks-gallery-grid\"><li class=\"blocks-gallery-item\"><figure><a href=\"http:\/\/nosnacena.com.br\/wp-content\/uploads\/2021\/01\/Luana-original.jpeg\"><img loading=\"lazy\" decoding=\"async\" width=\"528\" height=\"1024\" src=\"http:\/\/nosnacena.com.br\/wp-content\/uploads\/2021\/01\/Luana-original-528x1024.jpeg\" alt=\"\" data-id=\"539\" data-full-url=\"http:\/\/nosnacena.com.br\/wp-content\/uploads\/2021\/01\/Luana-original.jpeg\" data-link=\"http:\/\/nosnacena.com.br\/?attachment_id=539\" class=\"wp-image-539\" srcset=\"https:\/\/nosnacena.com.br\/wp-content\/uploads\/2021\/01\/Luana-original-528x1024.jpeg 528w, https:\/\/nosnacena.com.br\/wp-content\/uploads\/2021\/01\/Luana-original-155x300.jpeg 155w, https:\/\/nosnacena.com.br\/wp-content\/uploads\/2021\/01\/Luana-original.jpeg 660w\" sizes=\"(max-width: 528px) 100vw, 528px\" \/><\/a><\/figure><\/li><li class=\"blocks-gallery-item\"><figure><a href=\"http:\/\/nosnacena.com.br\/wp-content\/uploads\/2021\/01\/Luana-Scoby-Doo.jpeg\"><img loading=\"lazy\" decoding=\"async\" width=\"723\" height=\"1024\" src=\"http:\/\/nosnacena.com.br\/wp-content\/uploads\/2021\/01\/Luana-Scoby-Doo-723x1024.jpeg\" alt=\"\" data-id=\"540\" data-full-url=\"http:\/\/nosnacena.com.br\/wp-content\/uploads\/2021\/01\/Luana-Scoby-Doo.jpeg\" data-link=\"http:\/\/nosnacena.com.br\/?attachment_id=540\" class=\"wp-image-540\" srcset=\"https:\/\/nosnacena.com.br\/wp-content\/uploads\/2021\/01\/Luana-Scoby-Doo-723x1024.jpeg 723w, https:\/\/nosnacena.com.br\/wp-content\/uploads\/2021\/01\/Luana-Scoby-Doo-212x300.jpeg 212w, https:\/\/nosnacena.com.br\/wp-content\/uploads\/2021\/01\/Luana-Scoby-Doo-768x1087.jpeg 768w, https:\/\/nosnacena.com.br\/wp-content\/uploads\/2021\/01\/Luana-Scoby-Doo.jpeg 904w\" sizes=\"(max-width: 723px) 100vw, 723px\" \/><\/a><\/figure><\/li><li class=\"blocks-gallery-item\"><figure><a href=\"http:\/\/nosnacena.com.br\/wp-content\/uploads\/2021\/01\/Pet-do-Essinger-original.jpeg\"><img loading=\"lazy\" decoding=\"async\" width=\"595\" height=\"596\" src=\"http:\/\/nosnacena.com.br\/wp-content\/uploads\/2021\/01\/Pet-do-Essinger-original.jpeg\" alt=\"\" data-id=\"654\" data-full-url=\"http:\/\/nosnacena.com.br\/wp-content\/uploads\/2021\/01\/Pet-do-Essinger-original.jpeg\" data-link=\"http:\/\/nosnacena.com.br\/?attachment_id=654\" class=\"wp-image-654\" srcset=\"https:\/\/nosnacena.com.br\/wp-content\/uploads\/2021\/01\/Pet-do-Essinger-original.jpeg 595w, https:\/\/nosnacena.com.br\/wp-content\/uploads\/2021\/01\/Pet-do-Essinger-original-300x300.jpeg 300w, https:\/\/nosnacena.com.br\/wp-content\/uploads\/2021\/01\/Pet-do-Essinger-original-150x150.jpeg 150w, https:\/\/nosnacena.com.br\/wp-content\/uploads\/2021\/01\/Pet-do-Essinger-original-75x75.jpeg 75w\" sizes=\"(max-width: 595px) 100vw, 595px\" \/><\/a><\/figure><\/li><li class=\"blocks-gallery-item\"><figure><a href=\"http:\/\/nosnacena.com.br\/wp-content\/uploads\/2021\/01\/Pet-do-Essinger-arte-Nos-Na-Cena.jpg\"><img loading=\"lazy\" decoding=\"async\" width=\"728\" height=\"1024\" src=\"http:\/\/nosnacena.com.br\/wp-content\/uploads\/2021\/01\/Pet-do-Essinger-arte-Nos-Na-Cena-728x1024.jpg\" alt=\"\" data-id=\"653\" data-full-url=\"http:\/\/nosnacena.com.br\/wp-content\/uploads\/2021\/01\/Pet-do-Essinger-arte-Nos-Na-Cena.jpg\" data-link=\"http:\/\/nosnacena.com.br\/?attachment_id=653\" class=\"wp-image-653\" srcset=\"https:\/\/nosnacena.com.br\/wp-content\/uploads\/2021\/01\/Pet-do-Essinger-arte-Nos-Na-Cena-728x1024.jpg 728w, https:\/\/nosnacena.com.br\/wp-content\/uploads\/2021\/01\/Pet-do-Essinger-arte-Nos-Na-Cena-213x300.jpg 213w, https:\/\/nosnacena.com.br\/wp-content\/uploads\/2021\/01\/Pet-do-Essinger-arte-Nos-Na-Cena-768x1081.jpg 768w, https:\/\/nosnacena.com.br\/wp-content\/uploads\/2021\/01\/Pet-do-Essinger-arte-Nos-Na-Cena-1092x1536.jpg 1092w, https:\/\/nosnacena.com.br\/wp-content\/uploads\/2021\/01\/Pet-do-Essinger-arte-Nos-Na-Cena.jpg 1137w\" sizes=\"(max-width: 728px) 100vw, 728px\" \/><\/a><\/figure><\/li><li class=\"blocks-gallery-item\"><figure><a href=\"http:\/\/nosnacena.com.br\/wp-content\/uploads\/2021\/01\/Cicero-Copia-2.jpg\"><img loading=\"lazy\" decoding=\"async\" width=\"903\" height=\"1024\" src=\"http:\/\/nosnacena.com.br\/wp-content\/uploads\/2021\/01\/Cicero-Copia-2-903x1024.jpg\" alt=\"\" data-id=\"489\" data-full-url=\"http:\/\/nosnacena.com.br\/wp-content\/uploads\/2021\/01\/Cicero-Copia-2.jpg\" data-link=\"http:\/\/nosnacena.com.br\/?attachment_id=489\" class=\"wp-image-489\" srcset=\"https:\/\/nosnacena.com.br\/wp-content\/uploads\/2021\/01\/Cicero-Copia-2-903x1024.jpg 903w, https:\/\/nosnacena.com.br\/wp-content\/uploads\/2021\/01\/Cicero-Copia-2-264x300.jpg 264w, https:\/\/nosnacena.com.br\/wp-content\/uploads\/2021\/01\/Cicero-Copia-2-768x871.jpg 768w, https:\/\/nosnacena.com.br\/wp-content\/uploads\/2021\/01\/Cicero-Copia-2-1140x1293.jpg 1140w, https:\/\/nosnacena.com.br\/wp-content\/uploads\/2021\/01\/Cicero-Copia-2.jpg 1182w\" sizes=\"(max-width: 903px) 100vw, 903px\" \/><\/a><\/figure><\/li><li class=\"blocks-gallery-item\"><figure><a href=\"http:\/\/nosnacena.com.br\/wp-content\/uploads\/2021\/01\/Cicero-Chaplin-NNC-jpeg.jpg\"><img loading=\"lazy\" decoding=\"async\" width=\"724\" height=\"1024\" src=\"http:\/\/nosnacena.com.br\/wp-content\/uploads\/2021\/01\/Cicero-Chaplin-NNC-jpeg-724x1024.jpg\" alt=\"\" data-id=\"461\" data-full-url=\"http:\/\/nosnacena.com.br\/wp-content\/uploads\/2021\/01\/Cicero-Chaplin-NNC-jpeg.jpg\" data-link=\"http:\/\/nosnacena.com.br\/?attachment_id=461\" class=\"wp-image-461\" srcset=\"https:\/\/nosnacena.com.br\/wp-content\/uploads\/2021\/01\/Cicero-Chaplin-NNC-jpeg-724x1024.jpg 724w, https:\/\/nosnacena.com.br\/wp-content\/uploads\/2021\/01\/Cicero-Chaplin-NNC-jpeg-212x300.jpg 212w, https:\/\/nosnacena.com.br\/wp-content\/uploads\/2021\/01\/Cicero-Chaplin-NNC-jpeg-768x1086.jpg 768w, https:\/\/nosnacena.com.br\/wp-content\/uploads\/2021\/01\/Cicero-Chaplin-NNC-jpeg-1086x1536.jpg 1086w, https:\/\/nosnacena.com.br\/wp-content\/uploads\/2021\/01\/Cicero-Chaplin-NNC-jpeg.jpg 1131w\" sizes=\"(max-width: 724px) 100vw, 724px\" \/><\/a><\/figure><\/li><li class=\"blocks-gallery-item\"><figure><a href=\"http:\/\/nosnacena.com.br\/wp-content\/uploads\/2021\/01\/Lula-002-png-B-PNG-2-jpeg.jpg\"><img loading=\"lazy\" decoding=\"async\" width=\"642\" height=\"696\" src=\"http:\/\/nosnacena.com.br\/wp-content\/uploads\/2021\/01\/Lula-002-png-B-PNG-2-jpeg.jpg\" alt=\"\" data-id=\"465\" data-full-url=\"http:\/\/nosnacena.com.br\/wp-content\/uploads\/2021\/01\/Lula-002-png-B-PNG-2-jpeg.jpg\" data-link=\"http:\/\/nosnacena.com.br\/?attachment_id=465\" class=\"wp-image-465\" srcset=\"https:\/\/nosnacena.com.br\/wp-content\/uploads\/2021\/01\/Lula-002-png-B-PNG-2-jpeg.jpg 642w, https:\/\/nosnacena.com.br\/wp-content\/uploads\/2021\/01\/Lula-002-png-B-PNG-2-jpeg-277x300.jpg 277w\" sizes=\"(max-width: 642px) 100vw, 642px\" \/><\/a><\/figure><\/li><li class=\"blocks-gallery-item\"><figure><a href=\"http:\/\/nosnacena.com.br\/wp-content\/uploads\/2021\/01\/Lula-Moura-arte-2-JPEG.jpg\"><img loading=\"lazy\" decoding=\"async\" width=\"728\" height=\"1024\" src=\"http:\/\/nosnacena.com.br\/wp-content\/uploads\/2021\/01\/Lula-Moura-arte-2-JPEG-728x1024.jpg\" alt=\"\" data-id=\"459\" data-full-url=\"http:\/\/nosnacena.com.br\/wp-content\/uploads\/2021\/01\/Lula-Moura-arte-2-JPEG.jpg\" data-link=\"http:\/\/nosnacena.com.br\/?attachment_id=459\" class=\"wp-image-459\" srcset=\"https:\/\/nosnacena.com.br\/wp-content\/uploads\/2021\/01\/Lula-Moura-arte-2-JPEG-728x1024.jpg 728w, https:\/\/nosnacena.com.br\/wp-content\/uploads\/2021\/01\/Lula-Moura-arte-2-JPEG-213x300.jpg 213w, https:\/\/nosnacena.com.br\/wp-content\/uploads\/2021\/01\/Lula-Moura-arte-2-JPEG-768x1081.jpg 768w, https:\/\/nosnacena.com.br\/wp-content\/uploads\/2021\/01\/Lula-Moura-arte-2-JPEG-1092x1536.jpg 1092w, https:\/\/nosnacena.com.br\/wp-content\/uploads\/2021\/01\/Lula-Moura-arte-2-JPEG.jpg 1137w\" sizes=\"(max-width: 728px) 100vw, 728px\" \/><\/a><\/figure><\/li><li class=\"blocks-gallery-item\"><figure><a href=\"http:\/\/nosnacena.com.br\/wp-content\/uploads\/2021\/01\/Valeria-Ribeiro-original.jpeg\"><img loading=\"lazy\" decoding=\"async\" width=\"768\" height=\"1024\" src=\"http:\/\/nosnacena.com.br\/wp-content\/uploads\/2021\/01\/Valeria-Ribeiro-original.jpeg\" alt=\"\" data-id=\"482\" data-full-url=\"http:\/\/nosnacena.com.br\/wp-content\/uploads\/2021\/01\/Valeria-Ribeiro-original.jpeg\" data-link=\"http:\/\/nosnacena.com.br\/?attachment_id=482\" class=\"wp-image-482\" srcset=\"https:\/\/nosnacena.com.br\/wp-content\/uploads\/2021\/01\/Valeria-Ribeiro-original.jpeg 768w, https:\/\/nosnacena.com.br\/wp-content\/uploads\/2021\/01\/Valeria-Ribeiro-original-225x300.jpeg 225w\" sizes=\"(max-width: 768px) 100vw, 768px\" \/><\/a><\/figure><\/li><li class=\"blocks-gallery-item\"><figure><a href=\"http:\/\/nosnacena.com.br\/wp-content\/uploads\/2021\/01\/Valeria-Ribeiro-por-NosNaCena-JPEG.jpg\"><img loading=\"lazy\" decoding=\"async\" width=\"728\" height=\"1024\" src=\"http:\/\/nosnacena.com.br\/wp-content\/uploads\/2021\/01\/Valeria-Ribeiro-por-NosNaCena-JPEG-728x1024.jpg\" alt=\"\" data-id=\"483\" data-full-url=\"http:\/\/nosnacena.com.br\/wp-content\/uploads\/2021\/01\/Valeria-Ribeiro-por-NosNaCena-JPEG.jpg\" data-link=\"http:\/\/nosnacena.com.br\/?attachment_id=483\" class=\"wp-image-483\" srcset=\"https:\/\/nosnacena.com.br\/wp-content\/uploads\/2021\/01\/Valeria-Ribeiro-por-NosNaCena-JPEG-728x1024.jpg 728w, https:\/\/nosnacena.com.br\/wp-content\/uploads\/2021\/01\/Valeria-Ribeiro-por-NosNaCena-JPEG-213x300.jpg 213w, https:\/\/nosnacena.com.br\/wp-content\/uploads\/2021\/01\/Valeria-Ribeiro-por-NosNaCena-JPEG-768x1081.jpg 768w, https:\/\/nosnacena.com.br\/wp-content\/uploads\/2021\/01\/Valeria-Ribeiro-por-NosNaCena-JPEG-1092x1536.jpg 1092w, https:\/\/nosnacena.com.br\/wp-content\/uploads\/2021\/01\/Valeria-Ribeiro-por-NosNaCena-JPEG.jpg 1137w\" sizes=\"(max-width: 728px) 100vw, 728px\" \/><\/a><\/figure><\/li><li class=\"blocks-gallery-item\"><figure><a href=\"http:\/\/nosnacena.com.br\/wp-content\/uploads\/2021\/01\/Amiga-do-Cicero-original-2.jpg\"><img loading=\"lazy\" decoding=\"async\" width=\"846\" height=\"1011\" src=\"http:\/\/nosnacena.com.br\/wp-content\/uploads\/2021\/01\/Amiga-do-Cicero-original-2.jpg\" alt=\"\" data-id=\"537\" data-full-url=\"http:\/\/nosnacena.com.br\/wp-content\/uploads\/2021\/01\/Amiga-do-Cicero-original-2.jpg\" data-link=\"http:\/\/nosnacena.com.br\/?attachment_id=537\" class=\"wp-image-537\" srcset=\"https:\/\/nosnacena.com.br\/wp-content\/uploads\/2021\/01\/Amiga-do-Cicero-original-2.jpg 846w, https:\/\/nosnacena.com.br\/wp-content\/uploads\/2021\/01\/Amiga-do-Cicero-original-2-251x300.jpg 251w, https:\/\/nosnacena.com.br\/wp-content\/uploads\/2021\/01\/Amiga-do-Cicero-original-2-768x918.jpg 768w\" sizes=\"(max-width: 846px) 100vw, 846px\" \/><\/a><\/figure><\/li><li class=\"blocks-gallery-item\"><figure><a href=\"http:\/\/nosnacena.com.br\/wp-content\/uploads\/2021\/01\/Amiga-do-Cicero.jpeg\"><img loading=\"lazy\" decoding=\"async\" width=\"724\" height=\"1024\" src=\"http:\/\/nosnacena.com.br\/wp-content\/uploads\/2021\/01\/Amiga-do-Cicero-724x1024.jpeg\" alt=\"\" data-id=\"538\" data-full-url=\"http:\/\/nosnacena.com.br\/wp-content\/uploads\/2021\/01\/Amiga-do-Cicero.jpeg\" data-link=\"http:\/\/nosnacena.com.br\/?attachment_id=538\" class=\"wp-image-538\" srcset=\"https:\/\/nosnacena.com.br\/wp-content\/uploads\/2021\/01\/Amiga-do-Cicero-724x1024.jpeg 724w, https:\/\/nosnacena.com.br\/wp-content\/uploads\/2021\/01\/Amiga-do-Cicero-212x300.jpeg 212w, https:\/\/nosnacena.com.br\/wp-content\/uploads\/2021\/01\/Amiga-do-Cicero-768x1086.jpeg 768w, https:\/\/nosnacena.com.br\/wp-content\/uploads\/2021\/01\/Amiga-do-Cicero.jpeg 905w\" sizes=\"(max-width: 724px) 100vw, 724px\" \/><\/a><\/figure><\/li><li class=\"blocks-gallery-item\"><figure><a href=\"http:\/\/nosnacena.com.br\/wp-content\/uploads\/2021\/01\/Cicero-jpeg.jpg\"><img loading=\"lazy\" decoding=\"async\" width=\"500\" height=\"750\" src=\"http:\/\/nosnacena.com.br\/wp-content\/uploads\/2021\/01\/Cicero-jpeg.jpg\" alt=\"\" data-id=\"464\" data-full-url=\"http:\/\/nosnacena.com.br\/wp-content\/uploads\/2021\/01\/Cicero-jpeg.jpg\" data-link=\"http:\/\/nosnacena.com.br\/?attachment_id=464\" class=\"wp-image-464\" srcset=\"https:\/\/nosnacena.com.br\/wp-content\/uploads\/2021\/01\/Cicero-jpeg.jpg 500w, https:\/\/nosnacena.com.br\/wp-content\/uploads\/2021\/01\/Cicero-jpeg-200x300.jpg 200w\" sizes=\"(max-width: 500px) 100vw, 500px\" \/><\/a><\/figure><\/li><li class=\"blocks-gallery-item\"><figure><a href=\"http:\/\/nosnacena.com.br\/wp-content\/uploads\/2021\/01\/Cicero-Harry-Potter-NNC-jpeg.jpg\"><img loading=\"lazy\" decoding=\"async\" width=\"1024\" height=\"519\" src=\"http:\/\/nosnacena.com.br\/wp-content\/uploads\/2021\/01\/Cicero-Harry-Potter-NNC-jpeg-1024x519.jpg\" alt=\"\" data-id=\"462\" data-full-url=\"http:\/\/nosnacena.com.br\/wp-content\/uploads\/2021\/01\/Cicero-Harry-Potter-NNC-jpeg.jpg\" data-link=\"http:\/\/nosnacena.com.br\/?attachment_id=462\" class=\"wp-image-462\" srcset=\"https:\/\/nosnacena.com.br\/wp-content\/uploads\/2021\/01\/Cicero-Harry-Potter-NNC-jpeg-1024x519.jpg 1024w, https:\/\/nosnacena.com.br\/wp-content\/uploads\/2021\/01\/Cicero-Harry-Potter-NNC-jpeg-300x152.jpg 300w, https:\/\/nosnacena.com.br\/wp-content\/uploads\/2021\/01\/Cicero-Harry-Potter-NNC-jpeg-768x389.jpg 768w, https:\/\/nosnacena.com.br\/wp-content\/uploads\/2021\/01\/Cicero-Harry-Potter-NNC-jpeg-1536x779.jpg 1536w, https:\/\/nosnacena.com.br\/wp-content\/uploads\/2021\/01\/Cicero-Harry-Potter-NNC-jpeg-1140x578.jpg 1140w, https:\/\/nosnacena.com.br\/wp-content\/uploads\/2021\/01\/Cicero-Harry-Potter-NNC-jpeg.jpg 1600w\" sizes=\"(max-width: 1024px) 100vw, 1024px\" \/><\/a><\/figure><\/li><\/ul><\/figure>\n\n\n\n<ul><li>Agradecemos aos clientes que autorizaram a divulga\u00e7\u00e3o acima.<\/li><\/ul>\n\n\n\n<div class=\"wp-block-image is-style-rounded\"><figure class=\"aligncenter size-large is-resized\"><img loading=\"lazy\" decoding=\"async\" src=\"http:\/\/nosnacena.com.br\/wp-content\/uploads\/2021\/01\/Logo-aprovada-pro-formulario-jpeg-arq-menor-1024x519.jpg\" alt=\"\" class=\"wp-image-470\" width=\"219\" height=\"110\" srcset=\"https:\/\/nosnacena.com.br\/wp-content\/uploads\/2021\/01\/Logo-aprovada-pro-formulario-jpeg-arq-menor-1024x519.jpg 1024w, https:\/\/nosnacena.com.br\/wp-content\/uploads\/2021\/01\/Logo-aprovada-pro-formulario-jpeg-arq-menor-300x152.jpg 300w, https:\/\/nosnacena.com.br\/wp-content\/uploads\/2021\/01\/Logo-aprovada-pro-formulario-jpeg-arq-menor-768x389.jpg 768w, https:\/\/nosnacena.com.br\/wp-content\/uploads\/2021\/01\/Logo-aprovada-pro-formulario-jpeg-arq-menor-1536x779.jpg 1536w, https:\/\/nosnacena.com.br\/wp-content\/uploads\/2021\/01\/Logo-aprovada-pro-formulario-jpeg-arq-menor-1080x540.jpg 1080w, https:\/\/nosnacena.com.br\/wp-content\/uploads\/2021\/01\/Logo-aprovada-pro-formulario-jpeg-arq-menor-1140x578.jpg 1140w, https:\/\/nosnacena.com.br\/wp-content\/uploads\/2021\/01\/Logo-aprovada-pro-formulario-jpeg-arq-menor.jpg 1600w\" sizes=\"(max-width: 219px) 100vw, 219px\" \/><figcaption><strong><span class=\"has-inline-color has-luminous-vivid-orange-color\">N\u00d3S NA CENA<\/span><\/strong><\/figcaption><\/figure><\/div>\n\n\n\n<p class=\"has-text-align-center\">Uma arte DIRIGIDA por VOC\u00ca e PRODUZIDA por N\u00d3S_NA_CENA. . Pre\u00e7os promocionais (30% de desconto), aproveite!<\/p>\n\n\n\n<h5 class=\"has-text-align-center wp-block-heading\"><strong>FA\u00c7A AGORA O SEU PEDIDO<\/strong><\/h5>\n\n\n\n<div class=\"wp-block-buttons aligncenter is-layout-flex wp-block-buttons-is-layout-flex\">\n<div class=\"wp-block-button\"><a class=\"wp-block-button__link\" href=\"https:\/\/forms.gle\/1rwwBZ5DaWnkhUj37\" target=\"_blank\" rel=\"noreferrer noopener\">FAZER O PEDIDO (Formul\u00e1rio Google)<\/a><\/div>\n<\/div>\n\n\n\n<p><\/p>\n","protected":false},"excerpt":{"rendered":"<p>CLIENTES DO &#8220;N\u00d3S NA CENA&#8221; (exemplos do que voc\u00ea pode fazer) Pressione na foto para visualiz\u00e1-la inteira (e entender melhor a cena). Agradecemos aos clientes que autorizaram a divulga\u00e7\u00e3o acima. Uma arte DIRIGIDA por VOC\u00ca e PRODUZIDA por N\u00d3S_NA_CENA. . Pre\u00e7os promocionais (30% de desconto), aproveite!<\/p>\n","protected":false},"author":1,"featured_media":0,"parent":0,"menu_order":0,"comment_status":"closed","ping_status":"closed","template":"","meta":{"footnotes":""},"_links":{"self":[{"href":"https:\/\/nosnacena.com.br\/index.php?rest_route=\/wp\/v2\/pages\/512"}],"collection":[{"href":"https:\/\/nosnacena.com.br\/index.php?rest_route=\/wp\/v2\/pages"}],"about":[{"href":"https:\/\/nosnacena.com.br\/index.php?rest_route=\/wp\/v2\/types\/page"}],"author":[{"embeddable":true,"href":"https:\/\/nosnacena.com.br\/index.php?rest_route=\/wp\/v2\/users\/1"}],"replies":[{"embeddable":true,"href":"https:\/\/nosnacena.com.br\/index.php?rest_route=%2Fwp%2Fv2%2Fcomments&post=512"}],"version-history":[{"count":22,"href":"https:\/\/nosnacena.com.br\/index.php?rest_route=\/wp\/v2\/pages\/512\/revisions"}],"predecessor-version":[{"id":735,"href":"https:\/\/nosnacena.com.br\/index.php?rest_route=\/wp\/v2\/pages\/512\/revisions\/735"}],"wp:attachment":[{"href":"https:\/\/nosnacena.com.br\/index.php?rest_route=%2Fwp%2Fv2%2Fmedia&parent=512"}],"curies":[{"name":"wp","href":"https:\/\/api.w.org\/{rel}","templated":true}]}}