{"id":246,"date":"2020-12-21T03:01:02","date_gmt":"2020-12-21T06:01:02","guid":{"rendered":"http:\/\/nosnacena.com.br\/?page_id=246"},"modified":"2021-01-09T13:03:53","modified_gmt":"2021-01-09T16:03:53","slug":"precos-e-prazos","status":"publish","type":"page","link":"https:\/\/nosnacena.com.br\/?page_id=246","title":{"rendered":"PRE\u00c7OS e PRAZOS"},"content":{"rendered":"\n<h5 class=\"has-text-align-center wp-block-heading\">APROVEITE! 30% DE DESCONTO &#8211; TEMPO LIMITADO !!!<\/h5>\n\n\n\n<ul><li><strong>Pre\u00e7os<\/strong> (com desconto de 30%):<ul><li>Cena com uma pessoa e\/ou pet: somente R$ 74,00 (3 x R$ 24,67 s\/ juros)<\/li><li>Acr\u00e9scimo de R$ 15,00 (3 x R$ 5,00 s\/ juros) para cada pessoa e\/ou pets tamb\u00e9m inclu\u00eddos na cena (m\u00e1ximo de 6 pessoas e\/ou pets);<\/li><li>Cen\u00e1rio PERSONALIZADO (fora dos estilos predeterminados) ter\u00e1 um acr\u00e9scimo de R$ 60,00 (3 x R$ 20,00 s\/ juros).<\/li><\/ul><\/li><li><strong>Prazos<\/strong>:<ul><li>12 dias para cenas com at\u00e9 duas pessoas ou pets.<\/li><li>20 dias para cenas com mais de 2 pessoas\/pets ou cen\u00e1rio personalizado.<\/li><\/ul><\/li><\/ul>\n\n\n\n<h5 class=\"has-text-align-center wp-block-heading\"><strong>FA\u00c7A AGORA O SEU PEDIDO<\/strong><\/h5>\n\n\n\n<div class=\"wp-block-buttons aligncenter is-layout-flex wp-block-buttons-is-layout-flex\">\n<div class=\"wp-block-button\"><a class=\"wp-block-button__link\" href=\"https:\/\/forms.gle\/1rwwBZ5DaWnkhUj37\" target=\"_blank\" rel=\"noreferrer noopener\">FAZER O PEDIDO (Formul\u00e1rio Google)<\/a><\/div>\n<\/div>\n","protected":false},"excerpt":{"rendered":"<p>APROVEITE! 30% DE DESCONTO &#8211; TEMPO LIMITADO !!! Pre\u00e7os (com desconto de 30%): Cena com uma pessoa e\/ou pet: somente R$ 74,00 (3 x R$ 24,67 s\/ juros) Acr\u00e9scimo de R$ 15,00 (3 x R$ 5,00 s\/ juros) para cada pessoa e\/ou pets tamb\u00e9m inclu\u00eddos na cena (m\u00e1ximo de 6 pessoas e\/ou pets); Cen\u00e1rio PERSONALIZADO (fora dos estilos predeterminados) ter\u00e1 um acr\u00e9scimo de R$ 60,00 (3 x R$ 20,00 s\/ juros). Prazos: 12 dias para cenas com at\u00e9 duas pessoas ou pets. 20 dias para cenas com mais de 2 pessoas\/pets ou cen\u00e1rio personalizado.<\/p>\n","protected":false},"author":1,"featured_media":0,"parent":0,"menu_order":0,"comment_status":"closed","ping_status":"closed","template":"","meta":{"footnotes":""},"_links":{"self":[{"href":"https:\/\/nosnacena.com.br\/index.php?rest_route=\/wp\/v2\/pages\/246"}],"collection":[{"href":"https:\/\/nosnacena.com.br\/index.php?rest_route=\/wp\/v2\/pages"}],"about":[{"href":"https:\/\/nosnacena.com.br\/index.php?rest_route=\/wp\/v2\/types\/page"}],"author":[{"embeddable":true,"href":"https:\/\/nosnacena.com.br\/index.php?rest_route=\/wp\/v2\/users\/1"}],"replies":[{"embeddable":true,"href":"https:\/\/nosnacena.com.br\/index.php?rest_route=%2Fwp%2Fv2%2Fcomments&post=246"}],"version-history":[{"count":21,"href":"https:\/\/nosnacena.com.br\/index.php?rest_route=\/wp\/v2\/pages\/246\/revisions"}],"predecessor-version":[{"id":713,"href":"https:\/\/nosnacena.com.br\/index.php?rest_route=\/wp\/v2\/pages\/246\/revisions\/713"}],"wp:attachment":[{"href":"https:\/\/nosnacena.com.br\/index.php?rest_route=%2Fwp%2Fv2%2Fmedia&parent=246"}],"curies":[{"name":"wp","href":"https:\/\/api.w.org\/{rel}","templated":true}]}}